{"id":1361,"date":"2026-01-23T15:02:58","date_gmt":"2026-01-23T15:02:58","guid":{"rendered":"https:\/\/reseal-etb.com\/?post_type=product&#038;p=1361"},"modified":"2026-04-11T16:22:48","modified_gmt":"2026-04-11T16:22:48","slug":"high-transparency-etb-reseal-bag","status":"publish","type":"product","link":"https:\/\/reseal-etb.com\/fr\/shop\/sac-refermable-en-etb-haute-transparence\/","title":{"rendered":"Sacs \u00e0 re-sceller ETB"},"content":{"rendered":"","protected":false},"excerpt":{"rendered":"<p>Le sac ETB refermable permet aux collectionneurs d\u2019ouvrir leurs Elite Trainer Boxes, de profiter de leur contenu scell\u00e9, puis de les resceller pour un rendu propre et fid\u00e8le \u00e0 la qualit\u00e9 d\u2019origine usine. Con\u00e7u pour offrir une transparence et une protection maximales, il pr\u00e9serve l\u2019aspect authentique de votre ETB tout en le prot\u00e9geant de la poussi\u00e8re, des rayures et des manipulations.<\/p>\n<p>Sac d\u2019entra\u00eenement inclus<\/p>","protected":false},"featured_media":1425,"template":"","meta":{"inline_featured_image":false},"product_brand":[],"product_cat":[23],"product_tag":[],"badge":[],"class_list":{"0":"post-1361","1":"product","2":"type-product","3":"status-publish","4":"has-post-thumbnail","6":"product_cat-uncategorized","8":"first","9":"instock","10":"shipping-taxable","11":"purchasable","12":"product-type-simple"},"_links":{"self":[{"href":"https:\/\/reseal-etb.com\/fr\/wp-json\/wp\/v2\/product\/1361","targetHints":{"allow":["GET"]}}],"collection":[{"href":"https:\/\/reseal-etb.com\/fr\/wp-json\/wp\/v2\/product"}],"about":[{"href":"https:\/\/reseal-etb.com\/fr\/wp-json\/wp\/v2\/types\/product"}],"version-history":[{"count":1,"href":"https:\/\/reseal-etb.com\/fr\/wp-json\/wp\/v2\/product\/1361\/revisions"}],"predecessor-version":[{"id":1659,"href":"https:\/\/reseal-etb.com\/fr\/wp-json\/wp\/v2\/product\/1361\/revisions\/1659"}],"wp:featuredmedia":[{"embeddable":true,"href":"https:\/\/reseal-etb.com\/fr\/wp-json\/wp\/v2\/media\/1425"}],"wp:attachment":[{"href":"https:\/\/reseal-etb.com\/fr\/wp-json\/wp\/v2\/media?parent=1361"}],"wp:term":[{"taxonomy":"product_brand","embeddable":true,"href":"https:\/\/reseal-etb.com\/fr\/wp-json\/wp\/v2\/product_brand?post=1361"},{"taxonomy":"product_cat","embeddable":true,"href":"https:\/\/reseal-etb.com\/fr\/wp-json\/wp\/v2\/product_cat?post=1361"},{"taxonomy":"product_tag","embeddable":true,"href":"https:\/\/reseal-etb.com\/fr\/wp-json\/wp\/v2\/product_tag?post=1361"},{"taxonomy":"badge","embeddable":true,"href":"https:\/\/reseal-etb.com\/fr\/wp-json\/wp\/v2\/badge?post=1361"}],"curies":[{"name":"wp","href":"https:\/\/api.w.org\/{rel}","templated":true}]}}