{"id":1361,"date":"2026-01-23T15:02:58","date_gmt":"2026-01-23T15:02:58","guid":{"rendered":"https:\/\/reseal-etb.com\/?post_type=product&#038;p=1361"},"modified":"2026-04-11T16:22:48","modified_gmt":"2026-04-11T16:22:48","slug":"high-transparency-etb-reseal-bag","status":"publish","type":"product","link":"https:\/\/reseal-etb.com\/es\/shop\/bolsa-resellable-etb-de-alta-transparencia\/","title":{"rendered":"X5 Bolsas para resellar ETB"},"content":{"rendered":"","protected":false},"excerpt":{"rendered":"<p>La bolsa ETB resellable permite a los coleccionistas abrir sus Elite Trainer Boxes, disfrutar de su contenido sellado y volver a sellarlas para lograr una presentaci\u00f3n limpia y con calidad original de f\u00e1brica. Dise\u00f1ada para ofrecer m\u00e1xima transparencia y protecci\u00f3n, conserva el aspecto aut\u00e9ntico de tu ETB mientras la protege del polvo, los ara\u00f1azos y la manipulaci\u00f3n.<\/p>\n<p>Bolsa de entrenamiento incluida<\/p>","protected":false},"featured_media":1425,"template":"","meta":{"inline_featured_image":false},"product_brand":[],"product_cat":[23],"product_tag":[],"badge":[],"class_list":{"0":"post-1361","1":"product","2":"type-product","3":"status-publish","4":"has-post-thumbnail","6":"product_cat-uncategorized","8":"first","9":"instock","10":"shipping-taxable","11":"purchasable","12":"product-type-simple"},"_links":{"self":[{"href":"https:\/\/reseal-etb.com\/es\/wp-json\/wp\/v2\/product\/1361","targetHints":{"allow":["GET"]}}],"collection":[{"href":"https:\/\/reseal-etb.com\/es\/wp-json\/wp\/v2\/product"}],"about":[{"href":"https:\/\/reseal-etb.com\/es\/wp-json\/wp\/v2\/types\/product"}],"version-history":[{"count":1,"href":"https:\/\/reseal-etb.com\/es\/wp-json\/wp\/v2\/product\/1361\/revisions"}],"predecessor-version":[{"id":1659,"href":"https:\/\/reseal-etb.com\/es\/wp-json\/wp\/v2\/product\/1361\/revisions\/1659"}],"wp:featuredmedia":[{"embeddable":true,"href":"https:\/\/reseal-etb.com\/es\/wp-json\/wp\/v2\/media\/1425"}],"wp:attachment":[{"href":"https:\/\/reseal-etb.com\/es\/wp-json\/wp\/v2\/media?parent=1361"}],"wp:term":[{"taxonomy":"product_brand","embeddable":true,"href":"https:\/\/reseal-etb.com\/es\/wp-json\/wp\/v2\/product_brand?post=1361"},{"taxonomy":"product_cat","embeddable":true,"href":"https:\/\/reseal-etb.com\/es\/wp-json\/wp\/v2\/product_cat?post=1361"},{"taxonomy":"product_tag","embeddable":true,"href":"https:\/\/reseal-etb.com\/es\/wp-json\/wp\/v2\/product_tag?post=1361"},{"taxonomy":"badge","embeddable":true,"href":"https:\/\/reseal-etb.com\/es\/wp-json\/wp\/v2\/badge?post=1361"}],"curies":[{"name":"wp","href":"https:\/\/api.w.org\/{rel}","templated":true}]}}