{"id":9,"date":"2025-12-06T20:09:08","date_gmt":"2025-12-06T20:09:08","guid":{"rendered":"https:\/\/reseal-etb.com\/?page_id=9"},"modified":"2026-02-28T14:02:38","modified_gmt":"2026-02-28T14:02:38","slug":"home","status":"publish","type":"page","link":"https:\/\/reseal-etb.com\/es\/","title":{"rendered":"Inicio"},"content":{"rendered":"<div data-elementor-type=\"wp-page\" data-elementor-id=\"9\" class=\"elementor elementor-9\" data-elementor-post-type=\"page\">\n\t\t\t\t<div class=\"elementor-element elementor-element-17e17f4 e-con-full e-flex e-con e-parent\" data-id=\"17e17f4\" data-element_type=\"container\">\n\t\t<div class=\"elementor-element elementor-element-05e5ba7 e-con-full e-flex e-con e-child\" data-id=\"05e5ba7\" data-element_type=\"container\" data-settings=\"{&quot;background_background&quot;:&quot;classic&quot;}\">\n\t\t\t\t<div class=\"elementor-element elementor-element-319d72b animated-slow elementor-invisible elementor-widget elementor-widget-heading\" data-id=\"319d72b\" data-element_type=\"widget\" data-settings=\"{&quot;_animation&quot;:&quot;fadeIn&quot;,&quot;_animation_delay&quot;:0}\" data-widget_type=\"heading.default\">\n\t\t\t\t\t<h1 class=\"elementor-heading-title elementor-size-default\">C\u00f3mo volver a sellar una ETB<\/h1>\t\t\t\t<\/div>\n\t\t\t\t<div class=\"elementor-element elementor-element-d1b3e2f elementor-invisible elementor-widget elementor-widget-text-editor\" data-id=\"d1b3e2f\" data-element_type=\"widget\" data-settings=\"{&quot;_animation&quot;:&quot;fadeInUp&quot;,&quot;_animation_delay&quot;:1}\" data-widget_type=\"text-editor.default\">\n\t\t\t\t\t\t\t\t\t<p>3 pasos f\u00e1ciles para volver a sellar tus Elite Trainer Boxes!<\/p>\t\t\t\t\t\t\t\t<\/div>\n\t\t<div class=\"elementor-element elementor-element-5b0eb48 e-con-full e-flex elementor-invisible e-con e-child\" data-id=\"5b0eb48\" data-element_type=\"container\" data-settings=\"{&quot;animation&quot;:&quot;fadeInUp&quot;,&quot;animation_mobile&quot;:&quot;fadeInUp&quot;}\">\n\t\t\t\t<div class=\"elementor-element elementor-element-d9660b5 elementor-view-default elementor-widget elementor-widget-icon\" data-id=\"d9660b5\" data-element_type=\"widget\" data-widget_type=\"icon.default\">\n\t\t\t\t\t\t\t<div class=\"elementor-icon-wrapper\">\n\t\t\t<div class=\"elementor-icon\">\n\t\t\t<svg aria-hidden=\"true\" class=\"e-font-icon-svg e-far-clock\" viewbox=\"0 0 512 512\" xmlns=\"http:\/\/www.w3.org\/2000\/svg\"><path d=\"M256 8C119 8 8 119 8 256s111 248 248 248 248-111 248-248S393 8 256 8zm0 448c-110.5 0-200-89.5-200-200S145.5 56 256 56s200 89.5 200 200-89.5 200-200 200zm61.8-104.4l-84.9-61.7c-3.1-2.3-4.9-5.9-4.9-9.7V116c0-6.6 5.4-12 12-12h32c6.6 0 12 5.4 12 12v141.7l66.8 48.6c5.4 3.9 6.5 11.4 2.6 16.8L334.6 349c-3.9 5.3-11.4 6.5-16.8 2.6z\"><\/path><\/svg>\t\t\t<\/div>\n\t\t<\/div>\n\t\t\t\t\t\t<\/div>\n\t\t\t\t<div class=\"elementor-element elementor-element-5feebf8 elementor-widget elementor-widget-text-editor\" data-id=\"5feebf8\" data-element_type=\"widget\" data-widget_type=\"text-editor.default\">\n\t\t\t\t\t\t\t\t\t<p>Tiempo de lectura: 2-3 min<\/p>\t\t\t\t\t\t\t\t<\/div>\n\t\t\t\t<\/div>\n\t\t\t\t<div class=\"elementor-element elementor-element-4cdeaae elementor-invisible elementor-widget elementor-widget-button\" data-id=\"4cdeaae\" data-element_type=\"widget\" data-settings=\"{&quot;_animation&quot;:&quot;fadeInUp&quot;,&quot;_animation_delay&quot;:2}\" data-widget_type=\"button.default\">\n\t\t\t\t\t\t\t\t\t\t<a class=\"elementor-button elementor-button-link elementor-size-sm\" href=\"https:\/\/reseal-etb.com\/es\/#tutorial\">\n\t\t\t\t\t\t<span class=\"elementor-button-content-wrapper\">\n\t\t\t\t\t\t\t\t\t<span class=\"elementor-button-text\">Ver el v\u00eddeo<\/span>\n\t\t\t\t\t<\/span>\n\t\t\t\t\t<\/a>\n\t\t\t\t\t\t\t\t<\/div>\n\t\t\t\t<\/div>\n\t\t\t\t<\/div>\n\t\t<div class=\"elementor-element elementor-element-32b0f93 e-flex e-con-boxed e-con e-parent\" data-id=\"32b0f93\" data-element_type=\"container\">\n\t\t\t\t\t<div class=\"e-con-inner\">\n\t\t<div class=\"elementor-element elementor-element-32906b2 e-con-full e-flex e-con e-child\" data-id=\"32906b2\" data-element_type=\"container\">\n\t\t<div class=\"elementor-element elementor-element-d3b0b61 e-con-full e-flex elementor-invisible e-con e-child\" data-id=\"d3b0b61\" data-element_type=\"container\" data-settings=\"{&quot;animation&quot;:&quot;fadeInUp&quot;,&quot;animation_mobile&quot;:&quot;fadeInUp&quot;}\">\n\t\t\t\t<div class=\"elementor-element elementor-element-ced6070 elementor-widget elementor-widget-heading\" data-id=\"ced6070\" data-element_type=\"widget\" data-widget_type=\"heading.default\">\n\t\t\t\t\t<h2 class=\"elementor-heading-title elementor-size-default\">Etapa 1 : Insertar<\/h2>\t\t\t\t<\/div>\n\t\t\t\t<div class=\"elementor-element elementor-element-85ea4a9 elementor-widget elementor-widget-text-editor\" data-id=\"85ea4a9\" data-element_type=\"widget\" data-widget_type=\"text-editor.default\">\n\t\t\t\t\t\t\t\t\t<p>Comienza colocando la ETB boca abajo dentro de la bolsa de pl\u00e1stico, asegur\u00e1ndote de que el borde sellado est\u00e9 orientado de la misma manera que el sellado original de f\u00e1brica. Aseg\u00farate de que los lados y la parte inferior de la ETB est\u00e9n correctamente centrados y alineados.<\/p>\t\t\t\t\t\t\t\t<\/div>\n\t\t\t\t<\/div>\n\t\t<div class=\"elementor-element elementor-element-7e698e8 e-con-full e-flex e-con e-child\" data-id=\"7e698e8\" data-element_type=\"container\" data-settings=\"{&quot;animation_mobile&quot;:&quot;fadeInUp&quot;}\">\n\t\t\t\t<div class=\"elementor-element elementor-element-b756b0a elementor-arrows-position-inside elementor-pagination-position-outside elementor-widget elementor-widget-image-carousel\" data-id=\"b756b0a\" data-element_type=\"widget\" data-settings=\"{&quot;slides_to_show&quot;:&quot;3&quot;,&quot;slides_to_show_tablet&quot;:&quot;3&quot;,&quot;slides_to_scroll&quot;:&quot;1&quot;,&quot;lazyload&quot;:&quot;yes&quot;,&quot;image_spacing_custom&quot;:{&quot;unit&quot;:&quot;px&quot;,&quot;size&quot;:32,&quot;sizes&quot;:[]},&quot;navigation&quot;:&quot;both&quot;,&quot;speed&quot;:500,&quot;image_spacing_custom_tablet&quot;:{&quot;unit&quot;:&quot;px&quot;,&quot;size&quot;:&quot;&quot;,&quot;sizes&quot;:[]},&quot;image_spacing_custom_mobile&quot;:{&quot;unit&quot;:&quot;px&quot;,&quot;size&quot;:&quot;&quot;,&quot;sizes&quot;:[]}}\" data-widget_type=\"image-carousel.default\">\n\t\t\t\t\t\t\t<div class=\"elementor-image-carousel-wrapper swiper\" role=\"region\" aria-roledescription=\"carousel\" aria-label=\"Carrusel de im\u00e1genes\" dir=\"ltr\">\n\t\t\t<div class=\"elementor-image-carousel swiper-wrapper\" aria-live=\"polite\">\n\t\t\t\t\t\t\t\t<div class=\"swiper-slide\" role=\"group\" aria-roledescription=\"slide\" aria-label=\"1 de 3\"><figure class=\"swiper-slide-inner\"><img class=\"swiper-slide-image swiper-lazy\" data-src=\"https:\/\/reseal-etb.com\/wp-content\/uploads\/2026\/01\/do-insert-1536x1536.jpg\" alt=\"insertar etb\" \/><div class=\"swiper-lazy-preloader\"><\/div><\/figure><\/div><div class=\"swiper-slide\" role=\"group\" aria-roledescription=\"slide\" aria-label=\"2 de 3\"><figure class=\"swiper-slide-inner\"><img class=\"swiper-slide-image swiper-lazy\" data-src=\"https:\/\/reseal-etb.com\/wp-content\/uploads\/2026\/01\/dont-insert-1536x1536.jpg\" alt=\"no insertar esquema etb\" \/><div class=\"swiper-lazy-preloader\"><\/div><\/figure><\/div><div class=\"swiper-slide\" role=\"group\" aria-roledescription=\"slide\" aria-label=\"3 de 3\"><figure class=\"swiper-slide-inner\"><img class=\"swiper-slide-image swiper-lazy\" data-src=\"https:\/\/reseal-etb.com\/wp-content\/uploads\/2026\/01\/etb-align-1536x1536.jpg\" alt=\"Caja Elite Trainer sellada en una bolsa de pl\u00e1stico ultratransparente para una exposici\u00f3n y protecci\u00f3n limpias al estilo de f\u00e1brica.\" \/><div class=\"swiper-lazy-preloader\"><\/div><\/figure><\/div>\t\t\t<\/div>\n\t\t\t\t\t\t\t\t\t\t\t\t<div class=\"elementor-swiper-button elementor-swiper-button-prev\" role=\"button\" tabindex=\"0\">\n\t\t\t\t\t\t<svg aria-hidden=\"true\" class=\"e-font-icon-svg e-eicon-chevron-left\" viewbox=\"0 0 1000 1000\" xmlns=\"http:\/\/www.w3.org\/2000\/svg\"><path d=\"M646 125C629 125 613 133 604 142L308 442C296 454 292 471 292 487 292 504 296 521 308 533L604 854C617 867 629 875 646 875 663 875 679 871 692 858 704 846 713 829 713 812 713 796 708 779 692 767L438 487 692 225C700 217 708 204 708 187 708 171 704 154 692 142 675 129 663 125 646 125Z\"><\/path><\/svg>\t\t\t\t\t<\/div>\n\t\t\t\t\t<div class=\"elementor-swiper-button elementor-swiper-button-next\" role=\"button\" tabindex=\"0\">\n\t\t\t\t\t\t<svg aria-hidden=\"true\" class=\"e-font-icon-svg e-eicon-chevron-right\" viewbox=\"0 0 1000 1000\" xmlns=\"http:\/\/www.w3.org\/2000\/svg\"><path d=\"M696 533C708 521 713 504 713 487 713 471 708 454 696 446L400 146C388 133 375 125 354 125 338 125 325 129 313 142 300 154 292 171 292 187 292 204 296 221 308 233L563 492 304 771C292 783 288 800 288 817 288 833 296 850 308 863 321 871 338 875 354 875 371 875 388 867 400 854L696 533Z\"><\/path><\/svg>\t\t\t\t\t<\/div>\n\t\t\t\t\n\t\t\t\t\t\t\t\t\t<div class=\"swiper-pagination\"><\/div>\n\t\t\t\t\t\t\t\t\t<\/div>\n\t\t\t\t\t\t<\/div>\n\t\t\t\t<\/div>\n\t\t\t\t<\/div>\n\t\t\t\t\t<\/div>\n\t\t\t\t<\/div>\n\t\t<div class=\"elementor-element elementor-element-180eda4 e-flex e-con-boxed e-con e-parent\" data-id=\"180eda4\" data-element_type=\"container\">\n\t\t\t\t\t<div class=\"e-con-inner\">\n\t\t<div class=\"elementor-element elementor-element-4fbca57 e-con-full e-flex e-con e-child\" data-id=\"4fbca57\" data-element_type=\"container\">\n\t\t<div class=\"elementor-element elementor-element-d8fe113 e-con-full e-flex e-con e-child\" data-id=\"d8fe113\" data-element_type=\"container\">\n\t\t\t\t<div class=\"elementor-element elementor-element-6cd447c elementor-widget elementor-widget-heading\" data-id=\"6cd447c\" data-element_type=\"widget\" data-widget_type=\"heading.default\">\n\t\t\t\t\t<h2 class=\"elementor-heading-title elementor-size-default\">Paso 2: Sellar<\/h2>\t\t\t\t<\/div>\n\t\t\t\t<div class=\"elementor-element elementor-element-c917554 elementor-widget elementor-widget-text-editor\" data-id=\"c917554\" data-element_type=\"widget\" data-widget_type=\"text-editor.default\">\n\t\t\t\t\t\t\t\t\tAseg\u00farate de mantener siempre los lados y la parte inferior alineados con la bolsa de pl\u00e1stico. Coloca la ETB en posici\u00f3n plana y sella la bolsa utilizando una selladora t\u00e9rmica de 20\u201330 cm. Puedes encontrar una por unos 20 \u20ac en Amazon.\t\t\t\t\t\t\t\t<\/div>\n\t\t\t\t<div class=\"elementor-element elementor-element-45fd4a4 elementor-invisible elementor-widget elementor-widget-button\" data-id=\"45fd4a4\" data-element_type=\"widget\" data-settings=\"{&quot;_animation&quot;:&quot;fadeInUp&quot;,&quot;_animation_delay&quot;:2}\" data-widget_type=\"button.default\">\n\t\t\t\t\t\t\t\t\t\t<a class=\"elementor-button elementor-button-link elementor-size-sm\" href=\"https:\/\/www.amazon.fr\/Cartons-professionnelle-enveloppes-plastique-aliments\/dp\/B07B1SPT1Z?pd_rd_w=wWIzG&#038;content-id=amzn1.sym.e1744f29-8ae7-49f6-9859-46cbe9e6a02e%3Aamzn1.symc.30e3dbb4-8dd8-4bad-b7a1-a45bcdbc49b8&#038;pf_rd_p=e1744f29-8ae7-49f6-9859-46cbe9e6a02e&#038;pf_rd_r=2WP2HQKSMZBB9KB4V3KS&#038;pd_rd_wg=g5BxM&#038;pd_rd_r=5124ba1c-9cc6-480f-965e-2d5487bd5180&#038;pd_rd_i=B07B1SPT1Z&#038;linkCode=ll1&#038;tag=spoof-21&#038;linkId=c2a0da1ce5fe8026e56f493a098856f9&#038;language=fr_FR&#038;ref_=as_li_ss_tl\" target=\"_blank\" rel=\"noopener\">\n\t\t\t\t\t\t<span class=\"elementor-button-content-wrapper\">\n\t\t\t\t\t\t<span class=\"elementor-button-icon\">\n\t\t\t\t<svg aria-hidden=\"true\" class=\"e-font-icon-svg e-fab-amazon\" viewbox=\"0 0 448 512\" xmlns=\"http:\/\/www.w3.org\/2000\/svg\"><path d=\"M257.2 162.7c-48.7 1.8-169.5 15.5-169.5 117.5 0 109.5 138.3 114 183.5 43.2 6.5 10.2 35.4 37.5 45.3 46.8l56.8-56S341 288.9 341 261.4V114.3C341 89 316.5 32 228.7 32 140.7 32 94 87 94 136.3l73.5 6.8c16.3-49.5 54.2-49.5 54.2-49.5 40.7-.1 35.5 29.8 35.5 69.1zm0 86.8c0 80-84.2 68-84.2 17.2 0-47.2 50.5-56.7 84.2-57.8v40.6zm136 163.5c-7.7 10-70 67-174.5 67S34.2 408.5 9.7 379c-6.8-7.7 1-11.3 5.5-8.3C88.5 415.2 203 488.5 387.7 401c7.5-3.7 13.3 2 5.5 12zm39.8 2.2c-6.5 15.8-16 26.8-21.2 31-5.5 4.5-9.5 2.7-6.5-3.8s19.3-46.5 12.7-55c-6.5-8.3-37-4.3-48-3.2-10.8 1-13 2-14-.3-2.3-5.7 21.7-15.5 37.5-17.5 15.7-1.8 41-.8 46 5.7 3.7 5.1 0 27.1-6.5 43.1z\"><\/path><\/svg>\t\t\t<\/span>\n\t\t\t\t\t\t\t\t\t<span class=\"elementor-button-text\">Comprar termoselladora en Amazon<\/span>\n\t\t\t\t\t<\/span>\n\t\t\t\t\t<\/a>\n\t\t\t\t\t\t\t\t<\/div>\n\t\t\t\t<\/div>\n\t\t<div class=\"elementor-element elementor-element-7de1e44 e-con-full e-flex e-con e-child\" data-id=\"7de1e44\" data-element_type=\"container\">\n\t\t\t\t<div class=\"elementor-element elementor-element-a3b991f elementor-widget elementor-widget-image\" data-id=\"a3b991f\" data-element_type=\"widget\" data-widget_type=\"image.default\">\n\t\t\t\t\t\t\t\t\t\t\t\t\t\t\t<img fetchpriority=\"high\" decoding=\"async\" width=\"800\" height=\"800\" src=\"https:\/\/reseal-etb.com\/wp-content\/uploads\/2026\/01\/sealing-1024x1024.jpg\" class=\"attachment-large size-large wp-image-1432\" alt=\"acci\u00f3n de sellado etb paso 2\" srcset=\"https:\/\/reseal-etb.com\/wp-content\/uploads\/2026\/01\/sealing-1024x1024.jpg 1024w, https:\/\/reseal-etb.com\/wp-content\/uploads\/2026\/01\/sealing-300x300.jpg 300w, https:\/\/reseal-etb.com\/wp-content\/uploads\/2026\/01\/sealing-150x150.jpg 150w, https:\/\/reseal-etb.com\/wp-content\/uploads\/2026\/01\/sealing-768x768.jpg 768w, https:\/\/reseal-etb.com\/wp-content\/uploads\/2026\/01\/sealing-1536x1536.jpg 1536w, https:\/\/reseal-etb.com\/wp-content\/uploads\/2026\/01\/sealing-12x12.jpg 12w, https:\/\/reseal-etb.com\/wp-content\/uploads\/2026\/01\/sealing-600x600.jpg 600w, https:\/\/reseal-etb.com\/wp-content\/uploads\/2026\/01\/sealing-100x100.jpg 100w, https:\/\/reseal-etb.com\/wp-content\/uploads\/2026\/01\/sealing-32x32.jpg 32w, https:\/\/reseal-etb.com\/wp-content\/uploads\/2026\/01\/sealing.jpg 2000w\" sizes=\"(max-width: 800px) 100vw, 800px\" \/>\t\t\t\t\t\t\t\t\t\t\t\t\t\t\t<\/div>\n\t\t\t\t<\/div>\n\t\t\t\t<\/div>\n\t\t\t\t\t<\/div>\n\t\t\t\t<\/div>\n\t\t<div class=\"elementor-element elementor-element-4718fc1 e-flex e-con-boxed e-con e-parent\" data-id=\"4718fc1\" data-element_type=\"container\">\n\t\t\t\t\t<div class=\"e-con-inner\">\n\t\t\t\t<div class=\"elementor-element elementor-element-bc336f5 e-con e-atomic-element e-div-block-base e-bc336f5-c6db3d3\" data-id=\"bc336f5\" data-element_type=\"e-div-block\">\n\t\t\t\t<div class=\"elementor-element elementor-element-bc6ef80 elementor-widget elementor-widget-heading\" data-id=\"bc6ef80\" data-element_type=\"widget\" data-widget_type=\"heading.default\">\n\t\t\t\t\t<h2 class=\"elementor-heading-title elementor-size-default\">Paso 3: Calentar<\/h2>\t\t\t\t<\/div>\n\t\t\t\t<div class=\"elementor-element elementor-element-6852df2 elementor-widget elementor-widget-text-editor\" data-id=\"6852df2\" data-element_type=\"widget\" data-widget_type=\"text-editor.default\">\n\t\t\t\t\t\t\t\t\t<p>Utiliza una pistola de aire caliente para encoger la bolsa. Mant\u00e9n una distancia de aproximadamente 15 cm y no permanezcas nunca en el mismo punto, ya que podr\u00edas da\u00f1ar o perforar el pl\u00e1stico. Mant\u00e9n siempre el calor en movimiento.<\/p><p>\u00a0<\/p><p>Comienza colocando la ETB sobre uno de sus lados. Aseg\u00farate de que la bolsa est\u00e9 correctamente alineada y luego calienta suavemente las esquinas y la parte inferior hasta que el pl\u00e1stico se ajuste de forma uniforme al borde.<\/p><p>\u00a0<\/p><p>Gira la ETB hacia otro lado, vuelve a alinear la bolsa y encoge ligeramente las esquinas nuevamente.<\/p><p>A continuaci\u00f3n, calentar el fondo manteniendo la bolsa alineada, sin aplicar demasiado calor.<\/p><p>\u00a0<\/p><p>Contin\u00fae calentando uniformemente por toda la superficie hasta que el pl\u00e1stico est\u00e9 uniformemente apretado y liso.<\/p><p>Si no dispone de una pistola de calor, tambi\u00e9n puede utilizar un secador de pelo.<\/p><p><br \/>Trabaje siempre con cuidado y evite el sobrecalentamiento.<\/p>\t\t\t\t\t\t\t\t<\/div>\n\t\t\t\t<div class=\"elementor-element elementor-element-4203230 elementor-invisible elementor-widget elementor-widget-button\" data-id=\"4203230\" data-element_type=\"widget\" data-settings=\"{&quot;_animation&quot;:&quot;fadeInUp&quot;,&quot;_animation_delay&quot;:2}\" data-widget_type=\"button.default\">\n\t\t\t\t\t\t\t\t\t\t<a class=\"elementor-button elementor-button-link elementor-size-sm\" href=\"https:\/\/www.amazon.fr\/AIUNAOM-Thermiques-Temp%C3%A9rature-Protection-Surcharges\/dp\/B0CDVWY57K?dib=eyJ2IjoiMSJ9.mcmkywSTP91RzZXpal6y538RmJYIZAS2w2wpkv9SPOiqvi7OBBc_HVkw2pEdQ_Db1Y9gzXsYXRmJ2ECblZ5OPRuwPz8v5Ss_s45oaRD4MBmvpDRFRcCbnjDbwu2qtPYv2ONkCGoufzqadYx5nDYMOe6l9oV40dYb9yt0FRv-B2q-yzdy1dR6MiIXsFpYISNwTy3q7n7fHtcn6eudd53fAGO7SUHf_Fk_2eCx1LDvhwIYW31tH1WG_0Iy8w2ILKwZQPnr43gM6AokAPj8cu2JNQ4b_PnfD1CzRQXwZCWv968.rgVs5DvkMf5MzHlVLQeymnjTvGwk8UGNR1YrTv5aeYE&#038;dib_tag=se&#038;keywords=heat+gun&#038;qid=1769379885&#038;sr=8-6&#038;linkCode=ll1&#038;tag=spoof-21&#038;linkId=e20c1a1ea2399d6c67602d428f63132e&#038;language=fr_FR&#038;ref_=as_li_ss_tl\" target=\"_blank\" rel=\"noopener\">\n\t\t\t\t\t\t<span class=\"elementor-button-content-wrapper\">\n\t\t\t\t\t\t<span class=\"elementor-button-icon\">\n\t\t\t\t<svg aria-hidden=\"true\" class=\"e-font-icon-svg e-fab-amazon\" viewbox=\"0 0 448 512\" xmlns=\"http:\/\/www.w3.org\/2000\/svg\"><path d=\"M257.2 162.7c-48.7 1.8-169.5 15.5-169.5 117.5 0 109.5 138.3 114 183.5 43.2 6.5 10.2 35.4 37.5 45.3 46.8l56.8-56S341 288.9 341 261.4V114.3C341 89 316.5 32 228.7 32 140.7 32 94 87 94 136.3l73.5 6.8c16.3-49.5 54.2-49.5 54.2-49.5 40.7-.1 35.5 29.8 35.5 69.1zm0 86.8c0 80-84.2 68-84.2 17.2 0-47.2 50.5-56.7 84.2-57.8v40.6zm136 163.5c-7.7 10-70 67-174.5 67S34.2 408.5 9.7 379c-6.8-7.7 1-11.3 5.5-8.3C88.5 415.2 203 488.5 387.7 401c7.5-3.7 13.3 2 5.5 12zm39.8 2.2c-6.5 15.8-16 26.8-21.2 31-5.5 4.5-9.5 2.7-6.5-3.8s19.3-46.5 12.7-55c-6.5-8.3-37-4.3-48-3.2-10.8 1-13 2-14-.3-2.3-5.7 21.7-15.5 37.5-17.5 15.7-1.8 41-.8 46 5.7 3.7 5.1 0 27.1-6.5 43.1z\"><\/path><\/svg>\t\t\t<\/span>\n\t\t\t\t\t\t\t\t\t<span class=\"elementor-button-text\">Comprar una pistola de aire caliente en Amazon<\/span>\n\t\t\t\t\t<\/span>\n\t\t\t\t\t<\/a>\n\t\t\t\t\t\t\t\t<\/div>\n\t\t\t\t<\/div>\n\t\t\t\t<div class=\"elementor-element elementor-element-2e8c48b e-con e-atomic-element e-div-block-base e-2e8c48b-e92d077\" data-id=\"2e8c48b\" data-element_type=\"e-div-block\">\n\t\t\t\t<div class=\"elementor-element elementor-element-4b0ddce elementor-widget elementor-widget-image\" data-id=\"4b0ddce\" data-element_type=\"widget\" data-widget_type=\"image.default\">\n\t\t\t\t\t\t\t\t\t\t\t\t\t\t\t<img decoding=\"async\" width=\"800\" height=\"800\" src=\"https:\/\/reseal-etb.com\/wp-content\/uploads\/2026\/01\/heating-etb.jpg\" class=\"attachment-large size-large wp-image-1461\" alt=\"calentamiento etb bolsa retractil paso\" srcset=\"https:\/\/reseal-etb.com\/wp-content\/uploads\/2026\/01\/heating-etb.jpg 1024w, https:\/\/reseal-etb.com\/wp-content\/uploads\/2026\/01\/heating-etb-300x300.jpg 300w, https:\/\/reseal-etb.com\/wp-content\/uploads\/2026\/01\/heating-etb-150x150.jpg 150w, https:\/\/reseal-etb.com\/wp-content\/uploads\/2026\/01\/heating-etb-768x768.jpg 768w, https:\/\/reseal-etb.com\/wp-content\/uploads\/2026\/01\/heating-etb-12x12.jpg 12w, https:\/\/reseal-etb.com\/wp-content\/uploads\/2026\/01\/heating-etb-600x600.jpg 600w, https:\/\/reseal-etb.com\/wp-content\/uploads\/2026\/01\/heating-etb-100x100.jpg 100w, https:\/\/reseal-etb.com\/wp-content\/uploads\/2026\/01\/heating-etb-32x32.jpg 32w\" sizes=\"(max-width: 800px) 100vw, 800px\" \/>\t\t\t\t\t\t\t\t\t\t\t\t\t\t\t<\/div>\n\t\t\t\t<\/div>\n\t\t\t\t\t<\/div>\n\t\t\t\t<\/div>\n\t\t<div class=\"elementor-element elementor-element-1075475 e-flex e-con-boxed e-con e-parent\" data-id=\"1075475\" data-element_type=\"container\" id=\"tutorial\">\n\t\t\t\t\t<div class=\"e-con-inner\">\n\t\t<div class=\"elementor-element elementor-element-6627ef8 e-con-full e-flex e-con e-child\" data-id=\"6627ef8\" data-element_type=\"container\">\n\t\t<div class=\"elementor-element elementor-element-8fd6317 e-con-full e-flex e-con e-child\" data-id=\"8fd6317\" data-element_type=\"container\">\n\t\t\t\t<div class=\"elementor-element elementor-element-8e75773 elementor-widget elementor-widget-heading\" data-id=\"8e75773\" data-element_type=\"widget\" data-widget_type=\"heading.default\">\n\t\t\t\t\t<h2 class=\"elementor-heading-title elementor-size-default\">Tutorial y resultado final<\/h2>\t\t\t\t<\/div>\n\t\t\t\t<div class=\"elementor-element elementor-element-f5d1c5b elementor-widget elementor-widget-text-editor\" data-id=\"f5d1c5b\" data-element_type=\"widget\" data-widget_type=\"text-editor.default\">\n\t\t\t\t\t\t\t\t\tEste producto est\u00e1 dise\u00f1ado para recrear una apariencia limpia y de estilo original de f\u00e1brica para las ETB. Fue creado para coleccionistas que desean abrir sus cajas, disfrutar del contenido y volver a sellarlas para su protecci\u00f3n y exhibici\u00f3n.\nEl uso de este producto para revender ETB abiertas como nuevas est\u00e1 estrictamente prohibido.\t\t\t\t\t\t\t\t<\/div>\n\t\t\t\t<div class=\"elementor-element elementor-element-8292f00 elementor-invisible elementor-widget elementor-widget-button\" data-id=\"8292f00\" data-element_type=\"widget\" data-settings=\"{&quot;_animation&quot;:&quot;fadeInUp&quot;,&quot;_animation_delay&quot;:2}\" data-widget_type=\"button.default\">\n\t\t\t\t\t\t\t\t\t\t<a class=\"elementor-button elementor-button-link elementor-size-sm\" href=\"https:\/\/reseal-etb.com\/es\/shop\/bolsa-resellable-etb-de-alta-transparencia\/\" target=\"_blank\">\n\t\t\t\t\t\t<span class=\"elementor-button-content-wrapper\">\n\t\t\t\t\t\t\t\t\t<span class=\"elementor-button-text\">Consigue la bolsa ETB<\/span>\n\t\t\t\t\t<\/span>\n\t\t\t\t\t<\/a>\n\t\t\t\t\t\t\t\t<\/div>\n\t\t\t\t<\/div>\n\t\t<div class=\"elementor-element elementor-element-a43db9d e-con-full e-flex e-con e-child\" data-id=\"a43db9d\" data-element_type=\"container\">\n\t\t\t\t<div class=\"elementor-element elementor-element-41e77e6 elementor-widget elementor-widget-video\" data-id=\"41e77e6\" data-element_type=\"widget\" data-settings=\"{&quot;youtube_url&quot;:&quot;https:\\\/\\\/www.youtube.com\\\/watch?v=XHOmBV4js_E&quot;,&quot;autoplay&quot;:&quot;yes&quot;,&quot;play_on_mobile&quot;:&quot;yes&quot;,&quot;mute&quot;:&quot;yes&quot;,&quot;video_type&quot;:&quot;youtube&quot;,&quot;controls&quot;:&quot;yes&quot;}\" data-widget_type=\"video.default\">\n\t\t\t\t\t\t\t<div class=\"elementor-wrapper elementor-open-inline\">\n\t\t\t<div class=\"elementor-video\"><\/div>\t\t<\/div>\n\t\t\t\t\t\t<\/div>\n\t\t\t\t<\/div>\n\t\t\t\t<\/div>\n\t\t\t\t\t<\/div>\n\t\t\t\t<\/div>\n\t\t<div class=\"elementor-element elementor-element-0dce507 e-con-full e-flex e-con e-parent\" data-id=\"0dce507\" data-element_type=\"container\">\n\t\t<div class=\"elementor-element elementor-element-046f262 e-con-full e-flex e-con e-child\" data-id=\"046f262\" data-element_type=\"container\">\n\t\t<div class=\"elementor-element elementor-element-97e53ac e-con-full e-flex e-con e-child\" data-id=\"97e53ac\" data-element_type=\"container\">\n\t\t\t\t<div class=\"elementor-element elementor-element-120e4f0 elementor-widget elementor-widget-heading\" data-id=\"120e4f0\" data-element_type=\"widget\" data-widget_type=\"heading.default\">\n\t\t\t\t\t<h2 class=\"elementor-heading-title elementor-size-default\">Gracias<br>\npor leer<\/h2>\t\t\t\t<\/div>\n\t\t\t\t<div class=\"elementor-element elementor-element-3131174 elementor-widget elementor-widget-text-editor\" data-id=\"3131174\" data-element_type=\"widget\" data-widget_type=\"text-editor.default\">\n\t\t\t\t\t\t\t\t\t<p>Por Vladimir del Team Rocket<\/p>\t\t\t\t\t\t\t\t<\/div>\n\t\t\t\t<\/div>\n\t\t<div class=\"elementor-element elementor-element-09cf6d7 e-con-full e-flex e-con e-child\" data-id=\"09cf6d7\" data-element_type=\"container\">\n\t\t\t\t<div class=\"elementor-element elementor-element-d662b40 elementor-widget elementor-widget-image\" data-id=\"d662b40\" data-element_type=\"widget\" data-widget_type=\"image.default\">\n\t\t\t\t\t\t\t\t\t\t\t\t\t\t\t<img decoding=\"async\" width=\"1024\" height=\"1024\" src=\"https:\/\/reseal-etb.com\/wp-content\/uploads\/2026\/01\/poutine-team-rocket.png\" class=\"attachment-full size-full wp-image-1503\" alt=\"el cohete del equipo Vladimir Putin el GOAT\" srcset=\"https:\/\/reseal-etb.com\/wp-content\/uploads\/2026\/01\/poutine-team-rocket.png 1024w, https:\/\/reseal-etb.com\/wp-content\/uploads\/2026\/01\/poutine-team-rocket-300x300.png 300w, https:\/\/reseal-etb.com\/wp-content\/uploads\/2026\/01\/poutine-team-rocket-150x150.png 150w, https:\/\/reseal-etb.com\/wp-content\/uploads\/2026\/01\/poutine-team-rocket-768x768.png 768w, https:\/\/reseal-etb.com\/wp-content\/uploads\/2026\/01\/poutine-team-rocket-12x12.png 12w, https:\/\/reseal-etb.com\/wp-content\/uploads\/2026\/01\/poutine-team-rocket-600x600.png 600w, https:\/\/reseal-etb.com\/wp-content\/uploads\/2026\/01\/poutine-team-rocket-100x100.png 100w, https:\/\/reseal-etb.com\/wp-content\/uploads\/2026\/01\/poutine-team-rocket-32x32.png 32w\" sizes=\"(max-width: 1024px) 100vw, 1024px\" \/>\t\t\t\t\t\t\t\t\t\t\t\t\t\t\t<\/div>\n\t\t\t\t<\/div>\n\t\t\t\t<\/div>\n\t\t\t\t<\/div>\n\t\t\t\t<\/div>","protected":false},"excerpt":{"rendered":"<p>Aprenda a resellar ETB con bolsas de resellado ultratransparentes y herramientas profesionales. <\/p>","protected":false},"author":1,"featured_media":0,"parent":0,"menu_order":0,"comment_status":"closed","ping_status":"closed","template":"","meta":{"inline_featured_image":false,"footnotes":""},"folder":[],"class_list":["post-9","page","type-page","status-publish","hentry"],"_links":{"self":[{"href":"https:\/\/reseal-etb.com\/es\/wp-json\/wp\/v2\/pages\/9","targetHints":{"allow":["GET"]}}],"collection":[{"href":"https:\/\/reseal-etb.com\/es\/wp-json\/wp\/v2\/pages"}],"about":[{"href":"https:\/\/reseal-etb.com\/es\/wp-json\/wp\/v2\/types\/page"}],"author":[{"embeddable":true,"href":"https:\/\/reseal-etb.com\/es\/wp-json\/wp\/v2\/users\/1"}],"replies":[{"embeddable":true,"href":"https:\/\/reseal-etb.com\/es\/wp-json\/wp\/v2\/comments?post=9"}],"version-history":[{"count":42,"href":"https:\/\/reseal-etb.com\/es\/wp-json\/wp\/v2\/pages\/9\/revisions"}],"predecessor-version":[{"id":1704,"href":"https:\/\/reseal-etb.com\/es\/wp-json\/wp\/v2\/pages\/9\/revisions\/1704"}],"wp:attachment":[{"href":"https:\/\/reseal-etb.com\/es\/wp-json\/wp\/v2\/media?parent=9"}],"wp:term":[{"taxonomy":"folder","embeddable":true,"href":"https:\/\/reseal-etb.com\/es\/wp-json\/wp\/v2\/folder?post=9"}],"curies":[{"name":"wp","href":"https:\/\/api.w.org\/{rel}","templated":true}]}}