{"id":1361,"date":"2026-01-23T15:02:58","date_gmt":"2026-01-23T15:02:58","guid":{"rendered":"https:\/\/reseal-etb.com\/?post_type=product&#038;p=1361"},"modified":"2026-04-11T16:22:48","modified_gmt":"2026-04-11T16:22:48","slug":"high-transparency-etb-reseal-bag","status":"publish","type":"product","link":"https:\/\/reseal-etb.com\/de\/shop\/hochtransparenter-etb-wiederverschlussbeutel\/","title":{"rendered":"X5 Wiederverschlie\u00dfbare ETB-Beutel"},"content":{"rendered":"","protected":false},"excerpt":{"rendered":"<p>Der wiederverschlie\u00dfbare ETB-Beutel erm\u00f6glicht es Sammlern, ihre Elite Trainer Boxes zu \u00f6ffnen, den versiegelten Inhalt zu genie\u00dfen und sie anschlie\u00dfend wieder zu verschlie\u00dfen, um ein sauberes Erscheinungsbild in Original-Fabrikqualit\u00e4t zu erhalten. Entwickelt f\u00fcr maximale Transparenz und Schutz, bewahrt er den authentischen Werkslook Ihrer ETB und sch\u00fctzt sie gleichzeitig vor Staub, Kratzern und Handhabungsspuren.<\/p>\n<p>Trainingsbeutel enthalten<\/p>","protected":false},"featured_media":1425,"template":"","meta":{"inline_featured_image":false},"product_brand":[],"product_cat":[23],"product_tag":[],"badge":[],"class_list":{"0":"post-1361","1":"product","2":"type-product","3":"status-publish","4":"has-post-thumbnail","6":"product_cat-uncategorized","8":"first","9":"instock","10":"shipping-taxable","11":"purchasable","12":"product-type-simple"},"_links":{"self":[{"href":"https:\/\/reseal-etb.com\/de\/wp-json\/wp\/v2\/product\/1361","targetHints":{"allow":["GET"]}}],"collection":[{"href":"https:\/\/reseal-etb.com\/de\/wp-json\/wp\/v2\/product"}],"about":[{"href":"https:\/\/reseal-etb.com\/de\/wp-json\/wp\/v2\/types\/product"}],"version-history":[{"count":1,"href":"https:\/\/reseal-etb.com\/de\/wp-json\/wp\/v2\/product\/1361\/revisions"}],"predecessor-version":[{"id":1659,"href":"https:\/\/reseal-etb.com\/de\/wp-json\/wp\/v2\/product\/1361\/revisions\/1659"}],"wp:featuredmedia":[{"embeddable":true,"href":"https:\/\/reseal-etb.com\/de\/wp-json\/wp\/v2\/media\/1425"}],"wp:attachment":[{"href":"https:\/\/reseal-etb.com\/de\/wp-json\/wp\/v2\/media?parent=1361"}],"wp:term":[{"taxonomy":"product_brand","embeddable":true,"href":"https:\/\/reseal-etb.com\/de\/wp-json\/wp\/v2\/product_brand?post=1361"},{"taxonomy":"product_cat","embeddable":true,"href":"https:\/\/reseal-etb.com\/de\/wp-json\/wp\/v2\/product_cat?post=1361"},{"taxonomy":"product_tag","embeddable":true,"href":"https:\/\/reseal-etb.com\/de\/wp-json\/wp\/v2\/product_tag?post=1361"},{"taxonomy":"badge","embeddable":true,"href":"https:\/\/reseal-etb.com\/de\/wp-json\/wp\/v2\/badge?post=1361"}],"curies":[{"name":"wp","href":"https:\/\/api.w.org\/{rel}","templated":true}]}}